{"id":389,"date":"2025-10-17T10:14:55","date_gmt":"2025-10-17T08:14:55","guid":{"rendered":"https:\/\/wp.dieatemschule.de\/?page_id=389"},"modified":"2026-01-27T17:13:47","modified_gmt":"2026-01-27T16:13:47","slug":"389-2","status":"publish","type":"page","link":"https:\/\/wp.dieatemschule.de\/?page_id=389","title":{"rendered":"Atemschulung"},"content":{"rendered":"<p>[et_pb_section fb_built=&#8220;1&#8243; admin_label=&#8220;Video&#8220; _builder_version=&#8220;4.27.2&#8243; _module_preset=&#8220;default&#8220; background_color=&#8220;gcid-1c7f682d-c09a-42e9-8b1c-535ba676533f&#8220; use_background_color_gradient=&#8220;off&#8220; background_enable_image=&#8220;off&#8220; locked=&#8220;off&#8220; collapsed=&#8220;on&#8220; global_colors_info=&#8220;{%22gcid-1c7f682d-c09a-42e9-8b1c-535ba676533f%22:%91%22background_color%22%93}&#8220;][et_pb_row _builder_version=&#8220;4.20.0&#8243; _module_preset=&#8220;default&#8220; global_colors_info=&#8220;{}&#8220;][et_pb_column type=&#8220;4_4&#8243; _builder_version=&#8220;4.20.0&#8243; _module_preset=&#8220;default&#8220; global_colors_info=&#8220;{}&#8220;][et_pb_text _builder_version=&#8220;4.20.0&#8243; _module_preset=&#8220;911d1e22-698a-411e-9ef4-0a2d3349e622&#8243; text_orientation=&#8220;center&#8220; global_colors_info=&#8220;{}&#8220;]<\/p>\n<h4>My Philosophy<\/h4>\n<p>[\/et_pb_text][et_pb_text _builder_version=&#8220;4.27.2&#8243; _module_preset=&#8220;6e7c59a1-5cc9-4a98-aba1-d3f3c3941842&#8243; text_orientation=&#8220;center&#8220; global_colors_info=&#8220;{}&#8220;]<\/p>\n<h2><span style=\"color: #e3e7ef;\">Atemangebote<\/span><\/h2>\n<p>&nbsp;<\/p>\n<p>[\/et_pb_text][\/et_pb_column][\/et_pb_row][et_pb_row column_structure=&#8220;2_3,1_3&#8243; _builder_version=&#8220;4.20.0&#8243; _module_preset=&#8220;default&#8220; global_colors_info=&#8220;{}&#8220;][et_pb_column type=&#8220;2_3&#8243; _builder_version=&#8220;4.20.0&#8243; _module_preset=&#8220;default&#8220; global_colors_info=&#8220;{}&#8220;][et_pb_text _builder_version=&#8220;4.27.4&#8243; _module_preset=&#8220;8c177331-3193-495d-ba1f-a2cfa3c6e084&#8243; text_text_color=&#8220;#FFFFFF&#8220; global_colors_info=&#8220;{}&#8220;]<\/p>\n<p class=\"paragraph_style_5\"><strong><span class=\"style_6\">Atemschulung<\/span><\/strong><span class=\"style_3\"><\/span><\/p>\n<p class=\"paragraph_style_5\"><span class=\"style_3\">Die Atemschulung findet in ruhiger und heller Atmosph\u00e4re statt. <\/span><\/p>\n<p class=\"paragraph_style_5\"><span class=\"style_3\">Der\/Die Behandelnde liegt in bequemer Kleidung auf einer Liege. Die Atemp\u00e4dagogin sp\u00fcrt mit Ihren H\u00e4nden dem Atemgeschehen nach.\u00a0<\/span><\/p>\n<p class=\"paragraph_style_7\"><span class=\"style_3\">Mit sanften Dehnungen oder Impulsen wird der Atemfluss angeregt. Spannungen k\u00f6rperlicher und seelischer Art k\u00f6nnen sich so l\u00f6sen.\u00a0<\/span><\/p>\n<p class=\"paragraph_style_7\"><span class=\"style_3\">Der Wechsel aus aktiven spielerischen und beobachtenden sensorischen Stimm\u00fcbungen runden eine Atemstunde ab.\u00a0<\/span><\/p>\n<p class=\"paragraph_style_7\"><span class=\"style_3\">Das \u00dcben im Sitzen und Stehen erweitert das Empfinden und verhilft zu mehr elastischer Beweglichkeit von Atem, Stimme und K\u00f6rper. Musiker nehmen im fortgeschrittenen Unterricht am Klang Ihres Instrumentes bzw. der Stimme die Entwicklung wahr.<\/span><\/p>\n<p class=\"paragraph_style_8\"><span class=\"style_2\">Dieser Weg \u00f6ffnet die T\u00fcr zu tieferem Selbstverst\u00e4ndnis, Gelassenheit, Lebensfreude und Vertrauen in die eigene Lebenskraft und somit auch in die eigene \u201cStimmung\u201d<br \/><\/span><\/p>\n<p class=\"paragraph_style_8\"><span class=\"style_2\"><\/span><\/p>\n<p class=\"paragraph_style_5\"><span class=\"style_6\"><\/span><\/p>\n<p class=\"paragraph_style_5\"><span class=\"style_6\"><\/span><\/p>\n<p class=\"paragraph_style_5\"><strong><span class=\"style_6\">Atemmassage<br \/><\/span><\/strong><\/p>\n<p class=\"paragraph_style_9\"><span class=\"style_3\">Die Atemmassage ist keine Massage im klassischen Sinne. <br \/><\/span><\/p>\n<p class=\"paragraph_style_9\"><span class=\"style_3\">W\u00e4hrend der Atemmassage liegt der\/die Behandelnde auf einer Liege. <br \/><\/span><\/p>\n<p class=\"paragraph_style_9\"><span class=\"style_3\">Man muss sich nicht ausziehen. Mit leichten l\u00f6senden Griffen und Ber\u00fchrungen wird den Blockaden in K\u00f6rper und Geist nachgesp\u00fcrt, die eigene mentale Hinwendung und die freundliche Erlaubnis zur Losl\u00f6sung erm\u00f6glicht einen Tiefenentspannungsprozess. <\/span><span class=\"style_3\"><\/span><\/p>\n<p class=\"paragraph_style_9\"><span class=\"style_3\">Erg\u00e4nzende Atem- und Stimm\u00fcbungen helfen das \u201eLos-gelassen\u201c-Sein wieder zu erleben. Die Gedanken k\u00f6nnen nun wieder frei fliessen, Probleml\u00f6sungen erschliessen sich jetzt eher von selbst. Es ist wieder m\u00f6glich einen Blick von aussen auf die Dingen zu tun. Regenerative Prozesse im K\u00f6rper werden angeregt. Das Nervensystem lernt wieder von Aktivit\u00e4t auf Ruhe umzuschalten.<\/span><br \/><span class=\"style_3\"><\/span><\/p>\n<p class=\"paragraph_style_9\"><span class=\"style_3\">Individuelle Einzeltermine nach Absprache<\/span><\/p>\n<p class=\"paragraph_style_9\"><span class=\"style_3\"><\/span><\/p>\n<p class=\"paragraph_style_1\"><strong><span class=\"style_1\">Organisatorisches<\/span><span class=\"style_2\"><\/span><\/strong><\/p>\n<p class=\"paragraph_style_2\"><span class=\"style_3\">\u2022 Die Erfahrung zeigt, dass eine sp\u00fcrbare Entwicklung und ein Verst\u00e4ndnis f\u00fcr die kontinuierliche Herangehensweise sich bei einem Termin einmal pro Woche zeigt. Hierbei sind sechs Termine ein sinnvoller Einstieg. Die Termine k\u00f6nnen nach Bedarf vereinbart werden.<br \/><\/span><\/p>\n<p class=\"paragraph_style_2\"><span class=\"style_3\">\u2022 Bitte bringen Sie bequeme Kleidung und dicke Socken mit.<\/span><span class=\"style_2\"><\/span><\/p>\n<p class=\"paragraph_style_2\"><span class=\"style_3\">Rufen Sie mich gerne zu den B\u00fcrozeiten an und vereinbaren <br \/><\/span><\/p>\n<p class=\"paragraph_style_2\"><span class=\"style_3\">einen pers\u00f6nlichen Kennenlern-Termin zur Besprechung aller Fragen.<br \/><\/span><\/p>\n<p class=\"paragraph_style_2\"><span style=\"font-size: 16px;\">Honorar: \u00a0 \u00a0 \u00a0 \u00a0 \u00a0 \u00a0 \u00a0 65,- Euro &#8211; 60 Min. &#8211;\u00a0<\/span><span style=\"font-size: 16px;\">6 Stunden &#8211; 390,- Euro<\/span><span style=\"font-size: 16px;\">\u00a0<\/span><\/p>\n<p class=\"paragraph_style_2\"><span class=\"style_3\">Sch\u00fcler\/Studenten und Bed\u00fcrftige erhalten auf Anfrage eine Erm\u00e4\u00dfigung.<\/span><\/p>\n<p class=\"paragraph_style_8\">\n<p>[\/et_pb_text][et_pb_button button_text=&#8220;Einen Termin vereinbaren&#8220; _builder_version=&#8220;4.27.2&#8243; _module_preset=&#8220;41d493b7-0e0d-476a-a739-b30256cef8ea&#8220; global_colors_info=&#8220;{}&#8220; locked=&#8220;off&#8220;][\/et_pb_button][\/et_pb_column][et_pb_column type=&#8220;1_3&#8243; _builder_version=&#8220;4.20.0&#8243; _module_preset=&#8220;default&#8220; global_colors_info=&#8220;{}&#8220;][et_pb_image src=&#8220;https:\/\/wp.dieatemschule.de\/wp-content\/uploads\/2024\/10\/coaching-16.jpg&#8220; title_text=&#8220;coaching-16&#8243; _builder_version=&#8220;4.27.5&#8243; _module_preset=&#8220;default&#8220; background_color=&#8220;#0E24ED&#8220; hover_enabled=&#8220;0&#8243; global_colors_info=&#8220;{}&#8220; sticky_enabled=&#8220;0&#8243;][\/et_pb_image][et_pb_image src=&#8220;https:\/\/wp.dieatemschule.de\/wp-content\/uploads\/2024\/09\/DSC_0311-scaled.jpg&#8220; _builder_version=&#8220;4.27.5&#8243; _module_preset=&#8220;default&#8220; title_text=&#8220;DSC_0311&#8243; hover_enabled=&#8220;0&#8243; sticky_enabled=&#8220;0&#8243;][\/et_pb_image][\/et_pb_column][\/et_pb_row][\/et_pb_section][et_pb_section fb_built=&#8220;1&#8243; admin_label=&#8220;Video&#8220; _builder_version=&#8220;4.27.5&#8243; _module_preset=&#8220;default&#8220; background_color=&#8220;gcid-1c7f682d-c09a-42e9-8b1c-535ba676533f&#8220; use_background_color_gradient=&#8220;off&#8220; background_enable_image=&#8220;off&#8220; box_shadow_style=&#8220;preset6&#8243; locked=&#8220;off&#8220; collapsed=&#8220;on&#8220; global_colors_info=&#8220;{%22gcid-1c7f682d-c09a-42e9-8b1c-535ba676533f%22:%91%22background_color%22%93}&#8220;][et_pb_row _builder_version=&#8220;4.20.0&#8243; _module_preset=&#8220;default&#8220; global_colors_info=&#8220;{}&#8220;][et_pb_column type=&#8220;4_4&#8243; _builder_version=&#8220;4.20.0&#8243; _module_preset=&#8220;default&#8220; global_colors_info=&#8220;{}&#8220;][et_pb_text _builder_version=&#8220;4.20.0&#8243; _module_preset=&#8220;911d1e22-698a-411e-9ef4-0a2d3349e622&#8243; text_orientation=&#8220;center&#8220; global_colors_info=&#8220;{}&#8220;]<\/p>\n<h4>My Philosophy<\/h4>\n<p>[\/et_pb_text][et_pb_text _builder_version=&#8220;4.27.2&#8243; _module_preset=&#8220;6e7c59a1-5cc9-4a98-aba1-d3f3c3941842&#8243; text_orientation=&#8220;center&#8220; global_colors_info=&#8220;{}&#8220;]<\/p>\n<h2><span style=\"color: #efefef;\">Atmen kann man lernen!<\/span><\/h2>\n<p>&nbsp;<\/p>\n<p>[\/et_pb_text][\/et_pb_column][\/et_pb_row][et_pb_row column_structure=&#8220;1_2,1_2&#8243; _builder_version=&#8220;4.20.0&#8243; _module_preset=&#8220;default&#8220; global_colors_info=&#8220;{}&#8220;][et_pb_column type=&#8220;1_2&#8243; _builder_version=&#8220;4.20.0&#8243; _module_preset=&#8220;default&#8220; global_colors_info=&#8220;{}&#8220;][et_pb_text _builder_version=&#8220;4.27.2&#8243; _module_preset=&#8220;8c177331-3193-495d-ba1f-a2cfa3c6e084&#8243; text_text_color=&#8220;#FFFFFF&#8220; global_colors_info=&#8220;{}&#8220;]<\/p>\n<p>Die Krankenkasse AOK Rheinland hat einen Bericht \u00fcber die Atem- und Stimmschule Maria Carreras erstellt. Schauen Sie nur selbst:<\/p>\n<p>[\/et_pb_text][\/et_pb_column][et_pb_column type=&#8220;1_2&#8243; _builder_version=&#8220;4.20.0&#8243; _module_preset=&#8220;default&#8220; global_colors_info=&#8220;{}&#8220;][et_pb_video src=&#8220;https:\/\/www.youtube.com\/watch?v=gMsaJ7fWVMo&#8220; image_src=&#8220;\/\/i.ytimg.com\/vi\/gMsaJ7fWVMo\/hqdefault.jpg&#8220; play_icon_color=&#8220;gcid-606d042f-c90f-4ea6-97e7-7b08f1ba25f6&#8243; _builder_version=&#8220;4.27.4&#8243; _module_preset=&#8220;default&#8220; global_colors_info=&#8220;{%22gcid-606d042f-c90f-4ea6-97e7-7b08f1ba25f6%22:%91%22play_icon_color%22%93}&#8220;][\/et_pb_video][\/et_pb_column][\/et_pb_row][\/et_pb_section][et_pb_section fb_built=&#8220;1&#8243; admin_label=&#8220;Blog&#8220; _builder_version=&#8220;4.27.5&#8243; _module_preset=&#8220;default&#8220; background_color=&#8220;gcid-1c7f682d-c09a-42e9-8b1c-535ba676533f&#8220; background_enable_image=&#8220;off&#8220; locked=&#8220;off&#8220; collapsed=&#8220;on&#8220; global_colors_info=&#8220;{%22gcid-1c7f682d-c09a-42e9-8b1c-535ba676533f%22:%91%22background_color%22%93}&#8220;][et_pb_row _builder_version=&#8220;4.20.0&#8243; _module_preset=&#8220;default&#8220; global_colors_info=&#8220;{}&#8220;][et_pb_column type=&#8220;4_4&#8243; _builder_version=&#8220;4.20.0&#8243; _module_preset=&#8220;default&#8220; global_colors_info=&#8220;{}&#8220;][et_pb_text _builder_version=&#8220;4.27.2&#8243; _module_preset=&#8220;911d1e22-698a-411e-9ef4-0a2d3349e622&#8243; text_orientation=&#8220;center&#8220; global_colors_info=&#8220;{}&#8220;]<\/p>\n<h4>Artikel<\/h4>\n<p>[\/et_pb_text][et_pb_text _builder_version=&#8220;4.27.2&#8243; _module_preset=&#8220;6e7c59a1-5cc9-4a98-aba1-d3f3c3941842&#8243; text_orientation=&#8220;center&#8220; global_colors_info=&#8220;{}&#8220;]<\/p>\n<h2>Blog<\/h2>\n<p>[\/et_pb_text][et_pb_blog posts_number=&#8220;3&#8243; include_categories=&#8220;22&#8243; show_pagination=&#8220;off&#8220; _builder_version=&#8220;4.20.0&#8243; _module_preset=&#8220;85e2e8b1-f3ce-4363-88b1-0931844b5d96&#8243; locked=&#8220;off&#8220; global_colors_info=&#8220;{%22gcid-606d042f-c90f-4ea6-97e7-7b08f1ba25f6%22:%91%22text_text_color%22,%22header_4_text_color%22,%22read_more_text_color%22%93,%22gcid-803cbec3-ce51-4865-83f1-75b1ba8d83fc%22:%91%22meta_text_color%22%93}&#8220;][\/et_pb_blog][\/et_pb_column][\/et_pb_row][\/et_pb_section][et_pb_section fb_built=&#8220;1&#8243; admin_label=&#8220;Subscribe&#8220; _builder_version=&#8220;4.27.5&#8243; _module_preset=&#8220;default&#8220; background_color_gradient_stops=&#8220;rgba(249,246,241,0.7) 0%|rgba(249,246,241,0.7) 100%&#8220; background_image=&#8220;https:\/\/wp.dieatemschule.de\/wp-content\/uploads\/2024\/10\/coaching-16.jpg&#8220; saved_tabs=&#8220;all&#8220; collapsed=&#8220;on&#8220; global_colors_info=&#8220;{}&#8220;][et_pb_row _builder_version=&#8220;4.20.0&#8243; _module_preset=&#8220;default&#8220; max_width=&#8220;700px&#8220; global_colors_info=&#8220;{}&#8220;][et_pb_column type=&#8220;4_4&#8243; _builder_version=&#8220;4.20.0&#8243; _module_preset=&#8220;default&#8220; global_colors_info=&#8220;{}&#8220;][et_pb_text _builder_version=&#8220;4.20.0&#8243; _module_preset=&#8220;3e9e1670-da43-4f2f-8ec8-ae67a20f7612&#8243; header_4_text_color=&#8220;#293b45&#8243; text_orientation=&#8220;center&#8220; global_colors_info=&#8220;{}&#8220;]<\/p>\n<h4>Subscribe<\/h4>\n<p>[\/et_pb_text][et_pb_text _builder_version=&#8220;4.20.0&#8243; _module_preset=&#8220;6db1ae1b-0cba-48e5-a9a9-4a06f418bebd&#8220; header_2_text_color=&#8220;#293b45&#8243; text_orientation=&#8220;center&#8220; custom_margin=&#8220;||10px||false|false&#8220; global_colors_info=&#8220;{}&#8220;]<\/p>\n<h2>Newsletter\u00a0<\/h2>\n<p>[\/et_pb_text][et_pb_text _builder_version=&#8220;4.20.0&#8243; _module_preset=&#8220;4b8f16e0-c368-45bf-8ba7-360db62b04f5&#8243; text_text_color=&#8220;#293b45&#8243; text_orientation=&#8220;center&#8220; global_colors_info=&#8220;{}&#8220;]Curabitur fermentum nulla non justo aliquet, quis vehicula quam consequat. Duis ut hendrerit tellus, elementum lacinia elit. Maecenas at consectetur ex, vitae consequat augue. Vivamus eget dolor vel quam condimentum sodales. In bibendum odio urna, sit amet fermentum purus venenatis amet.[\/et_pb_text][et_pb_signup mailchimp_list=&#8220;undefined|elegantthemestest|1ea2bbd026&#8243; first_name_field=&#8220;off&#8220; last_name_field=&#8220;off&#8220; _builder_version=&#8220;4.20.0&#8243; _module_preset=&#8220;51f0315e-1895-4507-ad4c-30063e5b5ad5&#8243; border_color_all_fields=&#8220;#293b45&#8243; locked=&#8220;off&#8220; global_colors_info=&#8220;{%22gcid-606d042f-c90f-4ea6-97e7-7b08f1ba25f6%22:%91%22button_bg_color%22,%22form_field_text_color%22,%22border_color_all%22%93}&#8220;][\/et_pb_signup][\/et_pb_column][\/et_pb_row][\/et_pb_section]<\/p>\n","protected":false},"excerpt":{"rendered":"<p>My PhilosophyAtemangebote &nbsp;Atemschulung Die Atemschulung findet in ruhiger und heller Atmosph\u00e4re statt. Der\/Die Behandelnde liegt in bequemer Kleidung auf einer Liege. Die Atemp\u00e4dagogin sp\u00fcrt mit Ihren H\u00e4nden dem Atemgeschehen nach.\u00a0 Mit sanften Dehnungen oder Impulsen wird der Atemfluss angeregt. Spannungen k\u00f6rperlicher und seelischer Art k\u00f6nnen sich so l\u00f6sen.\u00a0 Der Wechsel aus aktiven spielerischen und beobachtenden [&hellip;]<\/p>\n","protected":false},"author":1,"featured_media":0,"parent":0,"menu_order":0,"comment_status":"closed","ping_status":"closed","template":"","meta":{"_et_pb_use_builder":"on","_et_pb_old_content":"","_et_gb_content_width":"","footnotes":""},"class_list":["post-389","page","type-page","status-publish","hentry"],"_links":{"self":[{"href":"https:\/\/wp.dieatemschule.de\/index.php?rest_route=\/wp\/v2\/pages\/389","targetHints":{"allow":["GET"]}}],"collection":[{"href":"https:\/\/wp.dieatemschule.de\/index.php?rest_route=\/wp\/v2\/pages"}],"about":[{"href":"https:\/\/wp.dieatemschule.de\/index.php?rest_route=\/wp\/v2\/types\/page"}],"author":[{"embeddable":true,"href":"https:\/\/wp.dieatemschule.de\/index.php?rest_route=\/wp\/v2\/users\/1"}],"replies":[{"embeddable":true,"href":"https:\/\/wp.dieatemschule.de\/index.php?rest_route=%2Fwp%2Fv2%2Fcomments&post=389"}],"version-history":[{"count":16,"href":"https:\/\/wp.dieatemschule.de\/index.php?rest_route=\/wp\/v2\/pages\/389\/revisions"}],"predecessor-version":[{"id":673,"href":"https:\/\/wp.dieatemschule.de\/index.php?rest_route=\/wp\/v2\/pages\/389\/revisions\/673"}],"wp:attachment":[{"href":"https:\/\/wp.dieatemschule.de\/index.php?rest_route=%2Fwp%2Fv2%2Fmedia&parent=389"}],"curies":[{"name":"wp","href":"https:\/\/api.w.org\/{rel}","templated":true}]}}