{"id":612,"date":"2025-10-17T12:20:30","date_gmt":"2025-10-17T10:20:30","guid":{"rendered":"https:\/\/wp.dieatemschule.de\/?page_id=612"},"modified":"2025-10-17T12:26:00","modified_gmt":"2025-10-17T10:26:00","slug":"612-2","status":"publish","type":"page","link":"https:\/\/wp.dieatemschule.de\/?page_id=612","title":{"rendered":"Vortrag\/Workshop"},"content":{"rendered":"<p>[et_pb_section fb_built=&#8220;1&#8243; admin_label=&#8220;Service&#8220; _builder_version=&#8220;4.27.2&#8243; _module_preset=&#8220;default&#8220; background_color=&#8220;#0066f4&#8243; background_enable_image=&#8220;off&#8220; locked=&#8220;off&#8220; collapsed=&#8220;on&#8220; global_colors_info=&#8220;{}&#8220;][et_pb_row _builder_version=&#8220;4.20.0&#8243; _module_preset=&#8220;default&#8220; global_colors_info=&#8220;{}&#8220;][et_pb_column type=&#8220;4_4&#8243; _builder_version=&#8220;4.20.0&#8243; _module_preset=&#8220;default&#8220; global_colors_info=&#8220;{}&#8220;][et_pb_text _builder_version=&#8220;4.27.2&#8243; _module_preset=&#8220;3e9e1670-da43-4f2f-8ec8-ae67a20f7612&#8243; header_4_text_color=&#8220;#293b45&#8243; text_orientation=&#8220;center&#8220; global_colors_info=&#8220;{}&#8220;]<\/p>\n<h4>ANGEBOTE<\/h4>\n<p>[\/et_pb_text][et_pb_text _builder_version=&#8220;4.27.2&#8243; _module_preset=&#8220;6db1ae1b-0cba-48e5-a9a9-4a06f418bebd&#8220; text_font=&#8220;Belleza||||||||&#8220; text_text_color=&#8220;#FFFFFF&#8220; header_2_text_align=&#8220;center&#8220; header_2_text_color=&#8220;#FFFFFF&#8220; text_orientation=&#8220;center&#8220; global_colors_info=&#8220;{}&#8220;]<\/p>\n<h2>Vortrag &#8211; Workshop<\/h2>\n<p>[\/et_pb_text][\/et_pb_column][\/et_pb_row][et_pb_row column_structure=&#8220;1_2,1_2&#8243; _builder_version=&#8220;4.27.2&#8243; _module_preset=&#8220;default&#8220; custom_padding=&#8220;||0px||false|false&#8220; global_colors_info=&#8220;{}&#8220;][et_pb_column type=&#8220;1_2&#8243; _builder_version=&#8220;4.20.0&#8243; _module_preset=&#8220;default&#8220; global_colors_info=&#8220;{}&#8220;][et_pb_image src=&#8220;https:\/\/wp.dieatemschule.de\/wp-content\/uploads\/2024\/09\/Gruppe.jpg&#8220; title_text=&#8220;vigo &#8211; Atemschulung &#8211; Maria Carreras &#8211; D\u009fsseldorf 29.05.2009&#8243; _builder_version=&#8220;4.27.2&#8243; _module_preset=&#8220;default&#8220; global_colors_info=&#8220;{}&#8220;][\/et_pb_image][\/et_pb_column][et_pb_column type=&#8220;1_2&#8243; _builder_version=&#8220;4.27.2&#8243; _module_preset=&#8220;default&#8220; background_image=&#8220;https:\/\/wp.dieatemschule.de\/wp-content\/uploads\/2024\/08\/IMG_4434-scaled.jpeg&#8220; global_colors_info=&#8220;{}&#8220;][et_pb_image src=&#8220;https:\/\/wp.dieatemschule.de\/wp-content\/uploads\/2024\/08\/0-fe43cbda-c201-4c88-845b-bbb261ca02fc-800&#215;600.jpg&#8220; title_text=&#8220;0-fe43cbda-c201-4c88-845b-bbb261ca02fc-800&#215;600&#8243; _builder_version=&#8220;4.27.2&#8243; _module_preset=&#8220;default&#8220; global_colors_info=&#8220;{}&#8220;][\/et_pb_image][\/et_pb_column][\/et_pb_row][et_pb_row column_structure=&#8220;1_2,1_2&#8243; custom_padding_last_edited=&#8220;on|tablet&#8220; _builder_version=&#8220;4.20.0&#8243; _module_preset=&#8220;default&#8220; background_color=&#8220;gcid-1c7f682d-c09a-42e9-8b1c-535ba676533f&#8220; custom_padding=&#8220;60px|60px|60px|60px|true|true&#8220; custom_padding_tablet=&#8220;30px|30px|30px|30px|true|true&#8220; custom_padding_phone=&#8220;20px|20px|20px|20px|true|true&#8220; global_colors_info=&#8220;{%22gcid-1c7f682d-c09a-42e9-8b1c-535ba676533f%22:%91%22background_color%22%93}&#8220;][et_pb_column type=&#8220;1_2&#8243; _builder_version=&#8220;4.20.0&#8243; _module_preset=&#8220;default&#8220; global_colors_info=&#8220;{}&#8220;][et_pb_text _builder_version=&#8220;4.27.2&#8243; _module_preset=&#8220;4b8f16e0-c368-45bf-8ba7-360db62b04f5&#8243; text_text_color=&#8220;#293b45&#8243; global_colors_info=&#8220;{}&#8220;]<\/p>\n<p>Im Gruppenunterricht lernen wir durch aktive Atem- und Stimm\u00fcbungen, durch das Zuh\u00f6ren und Lauschen bei Anderen lernen wir etwas \u00fcber uns selbst. Die Themen k\u00f6nnen sein:<\/p>\n<p>&nbsp;<\/p>\n<p>[\/et_pb_text][\/et_pb_column][et_pb_column type=&#8220;1_2&#8243; _builder_version=&#8220;4.20.0&#8243; _module_preset=&#8220;default&#8220; global_colors_info=&#8220;{}&#8220;][et_pb_blurb title=&#8220;Stimmbildung Sprechstimme&#8220; use_icon=&#8220;on&#8220; font_icon=&#8220;&#xf00c;||fa||900&#8243; _builder_version=&#8220;4.27.2&#8243; _module_preset=&#8220;c30def35-aaf3-4d27-8121-0814e5de298a&#8220; custom_margin=&#8220;||10px||false|false&#8220; locked=&#8220;off&#8220; global_colors_info=&#8220;{%22gcid-606d042f-c90f-4ea6-97e7-7b08f1ba25f6%22:%91%22header_5_text_color%22%93}&#8220;][\/et_pb_blurb][et_pb_blurb title=&#8220;Stimmbildung Singstimme&#8220; use_icon=&#8220;on&#8220; font_icon=&#8220;&#xf00c;||fa||900&#8243; _builder_version=&#8220;4.27.2&#8243; _module_preset=&#8220;c30def35-aaf3-4d27-8121-0814e5de298a&#8220; custom_margin=&#8220;||10px||false|false&#8220; locked=&#8220;off&#8220; global_colors_info=&#8220;{%22gcid-606d042f-c90f-4ea6-97e7-7b08f1ba25f6%22:%91%22header_5_text_color%22%93}&#8220;][\/et_pb_blurb][et_pb_blurb title=&#8220;Atemschulung f\u00fcr das seelische Gleichgewicht&#8220; use_icon=&#8220;on&#8220; font_icon=&#8220;&#xf00c;||fa||900&#8243; _builder_version=&#8220;4.27.2&#8243; _module_preset=&#8220;c30def35-aaf3-4d27-8121-0814e5de298a&#8220; custom_margin=&#8220;||10px||false|false&#8220; locked=&#8220;off&#8220; global_colors_info=&#8220;{%22gcid-606d042f-c90f-4ea6-97e7-7b08f1ba25f6%22:%91%22header_5_text_color%22%93}&#8220;][\/et_pb_blurb][et_pb_blurb title=&#8220;Stimmbildung f\u00fcr Ch\u00f6re&#8220; use_icon=&#8220;on&#8220; font_icon=&#8220;&#xf00c;||fa||900&#8243; _builder_version=&#8220;4.27.2&#8243; _module_preset=&#8220;c30def35-aaf3-4d27-8121-0814e5de298a&#8220; custom_margin=&#8220;||10px||false|false&#8220; locked=&#8220;off&#8220; global_colors_info=&#8220;{%22gcid-606d042f-c90f-4ea6-97e7-7b08f1ba25f6%22:%91%22header_5_text_color%22%93}&#8220;][\/et_pb_blurb][\/et_pb_column][\/et_pb_row][et_pb_row _builder_version=&#8220;4.20.0&#8243; _module_preset=&#8220;default&#8220; global_colors_info=&#8220;{}&#8220;][et_pb_column type=&#8220;4_4&#8243; _builder_version=&#8220;4.20.0&#8243; _module_preset=&#8220;default&#8220; global_colors_info=&#8220;{}&#8220;][et_pb_button button_text=&#8220;Vereinbaren Sie einen Termin:&#8220; button_alignment=&#8220;center&#8220; _builder_version=&#8220;4.27.2&#8243; _module_preset=&#8220;e2dd0cea-6181-4aa0-a3f5-11d69e2bd4d0&#8243; button_text_color=&#8220;#FFFFFF&#8220; button_border_color=&#8220;#FFFFFF&#8220; global_colors_info=&#8220;{%22gcid-606d042f-c90f-4ea6-97e7-7b08f1ba25f6%22:%91%22button_text_color%22%93}&#8220;][\/et_pb_button][\/et_pb_column][\/et_pb_row][\/et_pb_section]<\/p>\n","protected":false},"excerpt":{"rendered":"<p>ANGEBOTEVortrag &#8211; WorkshopIm Gruppenunterricht lernen wir durch aktive Atem- und Stimm\u00fcbungen, durch das Zuh\u00f6ren und Lauschen bei Anderen lernen wir etwas \u00fcber uns selbst. Die Themen k\u00f6nnen sein: &nbsp;<\/p>\n","protected":false},"author":1,"featured_media":0,"parent":0,"menu_order":0,"comment_status":"closed","ping_status":"closed","template":"","meta":{"_et_pb_use_builder":"on","_et_pb_old_content":"","_et_gb_content_width":"","footnotes":""},"class_list":["post-612","page","type-page","status-publish","hentry"],"_links":{"self":[{"href":"https:\/\/wp.dieatemschule.de\/index.php?rest_route=\/wp\/v2\/pages\/612","targetHints":{"allow":["GET"]}}],"collection":[{"href":"https:\/\/wp.dieatemschule.de\/index.php?rest_route=\/wp\/v2\/pages"}],"about":[{"href":"https:\/\/wp.dieatemschule.de\/index.php?rest_route=\/wp\/v2\/types\/page"}],"author":[{"embeddable":true,"href":"https:\/\/wp.dieatemschule.de\/index.php?rest_route=\/wp\/v2\/users\/1"}],"replies":[{"embeddable":true,"href":"https:\/\/wp.dieatemschule.de\/index.php?rest_route=%2Fwp%2Fv2%2Fcomments&post=612"}],"version-history":[{"count":5,"href":"https:\/\/wp.dieatemschule.de\/index.php?rest_route=\/wp\/v2\/pages\/612\/revisions"}],"predecessor-version":[{"id":620,"href":"https:\/\/wp.dieatemschule.de\/index.php?rest_route=\/wp\/v2\/pages\/612\/revisions\/620"}],"wp:attachment":[{"href":"https:\/\/wp.dieatemschule.de\/index.php?rest_route=%2Fwp%2Fv2%2Fmedia&parent=612"}],"curies":[{"name":"wp","href":"https:\/\/api.w.org\/{rel}","templated":true}]}}