{"id":621,"date":"2025-10-17T12:32:21","date_gmt":"2025-10-17T10:32:21","guid":{"rendered":"https:\/\/wp.dieatemschule.de\/?page_id=621"},"modified":"2025-10-28T17:42:08","modified_gmt":"2025-10-28T16:42:08","slug":"stimmen","status":"publish","type":"page","link":"https:\/\/wp.dieatemschule.de\/?page_id=621","title":{"rendered":"Stimmen"},"content":{"rendered":"<p>[et_pb_section fb_built=&#8220;1&#8243; admin_label=&#8220;Testimonials&#8220; _builder_version=&#8220;4.27.4&#8243; _module_preset=&#8220;default&#8220; background_color=&#8220;gcid-1c7f682d-c09a-42e9-8b1c-535ba676533f&#8220; hover_enabled=&#8220;0&#8243; collapsed=&#8220;on&#8220; global_colors_info=&#8220;{%22gcid-1c7f682d-c09a-42e9-8b1c-535ba676533f%22:%91%22background_color%22%93}&#8220; background_enable_image=&#8220;off&#8220; sticky_enabled=&#8220;0&#8243;][et_pb_row _builder_version=&#8220;4.27.4&#8243; _module_preset=&#8220;default&#8220; background_color=&#8220;#FFFFFF&#8220; hover_enabled=&#8220;0&#8243; global_colors_info=&#8220;{}&#8220; width=&#8220;90%&#8220; sticky_enabled=&#8220;0&#8243;][et_pb_column type=&#8220;4_4&#8243; _builder_version=&#8220;4.27.4&#8243; _module_preset=&#8220;default&#8220; hover_enabled=&#8220;0&#8243; global_colors_info=&#8220;{}&#8220; sticky_enabled=&#8220;0&#8243;][et_pb_slider arrows_custom_color=&#8220;gcid-606d042f-c90f-4ea6-97e7-7b08f1ba25f6&#8243; dot_nav_custom_color=&#8220;gcid-606d042f-c90f-4ea6-97e7-7b08f1ba25f6&#8243; _builder_version=&#8220;4.27.4&#8243; _module_preset=&#8220;default&#8220; header_font=&#8220;Inter|700||on|||||&#8220; header_text_color=&#8220;gcid-606d042f-c90f-4ea6-97e7-7b08f1ba25f6&#8243; header_font_size=&#8220;14px&#8220; header_letter_spacing=&#8220;1px&#8220; body_font=&#8220;Belleza||||||||&#8220; body_text_color=&#8220;gcid-606d042f-c90f-4ea6-97e7-7b08f1ba25f6&#8243; body_font_size=&#8220;23px&#8220; body_line_height=&#8220;1.4em&#8220; background_color=&#8220;gcid-de71f7e9-c73d-4bf6-9384-53a89cf199ff&#8220; custom_button=&#8220;on&#8220; button_text_size=&#8220;14px&#8220; button_text_color=&#8220;#FFFFFF&#8220; button_bg_color=&#8220;gcid-606d042f-c90f-4ea6-97e7-7b08f1ba25f6&#8243; button_border_width=&#8220;0px&#8220; button_border_radius=&#8220;100px&#8220; button_font=&#8220;Inter|700||on|||||&#8220; button_custom_padding=&#8220;16px|24px|16px|24px|true|true&#8220; custom_padding=&#8220;1px||||false|false&#8220; hover_enabled=&#8220;0&#8243; body_font_size_tablet=&#8220;20px&#8220; body_font_size_phone=&#8220;16px&#8220; body_font_size_last_edited=&#8220;on|desktop&#8220; border_radii=&#8220;on|18px|18px|18px|18px&#8220; text_shadow_style=&#8220;preset1&#8243; text_shadow_color=&#8220;RGBA(255,255,255,0)&#8220; locked=&#8220;off&#8220; global_colors_info=&#8220;{%22gcid-606d042f-c90f-4ea6-97e7-7b08f1ba25f6%22:%91%22header_4_text_color%22,%22button_bg_color%22,%22arrows_custom_color%22,%22dot_nav_custom_color%22,%22header_text_color%22,%22body_text_color%22%93,%22gcid-de71f7e9-c73d-4bf6-9384-53a89cf199ff%22:%91%22background_color%22%93}&#8220; sticky_enabled=&#8220;0&#8243;][et_pb_slide heading=&#8220;Daniel Wiese &#8211; Heilpraktiker &#8211; D\u00fcsseldorf&#8220; button_text=&#8220;Vereinbare einen Termin&#8220; _builder_version=&#8220;4.27.4&#8243; _module_preset=&#8220;default&#8220; locked=&#8220;off&#8220; global_colors_info=&#8220;{}&#8220; sticky_transition=&#8220;on&#8220;]&#8220;Maria Carreras Arbeit zu beschreiben ist schwer.<br \/>\nDenn sie ist einzigartig!<br \/>\nIch habe noch nie zuvor mit soviel Freude und Neugier meine eigene Stimme erlebt!<\/p>\n<p>Bei ihr kommen Wissen, Intuition, Freude und Engagement zusammen.<br \/>\nJedes Mal auf Neue ist es ein Erlebnis f\u00fcr mich!<br \/>\nDie Bilder sind grossartig!.<br \/>\nDanke daf\u00fcr, Maria Carreras!<br \/>\nwww.naturheilwiese.de.&#8220;[\/et_pb_slide][et_pb_slide heading=&#8220;Anna Maria Goebel &#8211; Lehrerin &#8211; Chors\u00e4ngerin&#8220; button_text=&#8220;Vereinbare einen Termin&#8220; _builder_version=&#8220;4.27.4&#8243; _module_preset=&#8220;default&#8220; hover_enabled=&#8220;0&#8243; locked=&#8220;off&#8220; global_colors_info=&#8220;{}&#8220; sticky_transition=&#8220;on&#8220; sticky_enabled=&#8220;0&#8243;]<\/p>\n<p>&#8220; Maria Carreras wurde mir zu einer Zeit, als ich meine Stimme beinahe g\u00e4nzlich verloren habe,\u00a0von professioneller Seite als Stimmbildnerin empfohlen.<br \/>Sie widmete sich mit ihrem ganzen Wissen der m\u00fchsamen Arbeit mir mir,<\/p>\n<p>und dies mit Erfolg.<\/p>\n<p>Ihr gelingt es immer wieder, durch ihre kreative, temperamentvolle und zugewandten Lehrweise mir einen Zugang zur Vitalit\u00e4t und den Bed\u00fcrfnissen meiner Stimme zu er\u00f6ffnen. Vielen lieben Dank!&#8220;<\/p>\n<p>[\/et_pb_slide][et_pb_slide heading=&#8220;Anonym &#8211; Psychologin &#8211; D\u00fcsseldorf&#8220; button_text=&#8220;Vereinbare einen Termin&#8220; _builder_version=&#8220;4.27.2&#8243; _module_preset=&#8220;default&#8220; locked=&#8220;off&#8220; global_colors_info=&#8220;{}&#8220; sticky_transition=&#8220;on&#8220;]<\/p>\n<p>&#8222;Professionell mit Herz und Humor.<br \/>\nMaria Carreras hat die Gabe in wenigen Minuten eine gesch\u00fctzte lebendige Atmosph\u00e4re zu erschaffen, in der man sich traut, aus sich herauszukommen, und seine Stimme zu entdecken \u2013<br \/>\nsowohl in der Gruppe mit vielen, lieben Chorkollegen als auch im Einzelunterricht in Pr\u00e4senz oder online.<br \/>\nUnd es macht jede Menge Spass!.&#8220;<\/p>\n<p>[\/et_pb_slide][et_pb_slide heading=&#8220;Alfred Kunkel &#8211; Steuerberater&#8220; button_text=&#8220;Vereinbare einen Termin&#8220; _builder_version=&#8220;4.27.4&#8243; _module_preset=&#8220;default&#8220; hover_enabled=&#8220;0&#8243; locked=&#8220;off&#8220; global_colors_info=&#8220;{}&#8220; sticky_transition=&#8220;on&#8220; sticky_enabled=&#8220;0&#8243;]<\/p>\n<p>Maria hilft mir meine Stimme zu entdecken und zu entwickeln.<br \/>Ihre Begeisterung f\u00fcr Gesang ist ansteckend, Inspiration und Motivation zugleich.<\/p>\n<p>[\/et_pb_slide][et_pb_slide heading=&#8220;Christiane Weism\u00fcller &#8211; Dozentin -K\u00fcnstlerin &#8211; Frankfurt am Main &#8220; button_text=&#8220;Eine Termin vereinbaren&#8220; _builder_version=&#8220;4.27.4&#8243; _module_preset=&#8220;default&#8220; hover_enabled=&#8220;0&#8243; locked=&#8220;off&#8220; global_colors_info=&#8220;{}&#8220; sticky_transition=&#8220;on&#8220; sticky_enabled=&#8220;0&#8243;]<\/p>\n<p>\u00a0\u201eMaria hat mir sehr einf\u00fchlsam Zugang zu meinem eigenen Stimmklang vermittelt.Sie konnte sich immer blitzschnell auf mein jeweiliges Befinden und meine Bed\u00fcrfnisse einstellen.\u00a0Ich habe von ihr auf vielf\u00e4ltigste Weise gelernt, was meine Stimme braucht um sich zu entfalten.<\/p>\n<p>So verging die Stunde wie im Flug, wir haben viel gelacht und ich habe mich immer sehr auf die n\u00e4chste gefreut!\u00a0Vor kurzem habe ich wieder eine Stunde diesmal online bei ihr genommen.<br \/>Marias Freude am Singen war im positivsten Sinne genauso ansteckend wie im Pr\u00e4senzunterricht!\u00a0Danke, liebe Maria!\u201c<\/p>\n<p>[\/et_pb_slide][\/et_pb_slider][\/et_pb_column][\/et_pb_row][\/et_pb_section][et_pb_section fb_built=&#8220;1&#8243; admin_label=&#8220;Footer&#8220; _builder_version=&#8220;4.27.2&#8243; _module_preset=&#8220;default&#8220; background_color=&#8220;#0d98e8&#8243; background_color_gradient_stops=&#8220;gcid-606d042f-c90f-4ea6-97e7-7b08f1ba25f6 20%|rgba(41,59,69,0.8) 100%&#8220; background_enable_image=&#8220;off&#8220; saved_tabs=&#8220;all&#8220; locked=&#8220;off&#8220; collapsed=&#8220;on&#8220; global_colors_info=&#8220;{%22gcid-606d042f-c90f-4ea6-97e7-7b08f1ba25f6%22:%91%22background_color_gradient_stops%22%93}&#8220;][et_pb_row column_structure=&#8220;1_2,1_2&#8243; _builder_version=&#8220;4.27.2&#8243; _module_preset=&#8220;default&#8220; min_height=&#8220;370.4px&#8220; global_colors_info=&#8220;{}&#8220;][et_pb_column type=&#8220;1_2&#8243; _builder_version=&#8220;4.27.2&#8243; _module_preset=&#8220;default&#8220; global_colors_info=&#8220;{}&#8220;][et_pb_image title_text=&#8220;bf_20_tb_11&#8243; _builder_version=&#8220;4.27.2&#8243; _module_preset=&#8220;default&#8220; global_colors_info=&#8220;{}&#8220;][\/et_pb_image][et_pb_text _builder_version=&#8220;4.27.2&#8243; _module_preset=&#8220;b3224387-f983-42d7-8115-bbcfca0cfbd1&#8243; header_3_text_color=&#8220;#FFFFFF&#8220; custom_margin=&#8220;||10px||false|false&#8220; global_colors_info=&#8220;{}&#8220;]<\/p>\n<h3>Atem- und Stimmschule<br \/>\nMaria Carreras<\/h3>\n<p>[\/et_pb_text][et_pb_text _builder_version=&#8220;4.27.2&#8243; _module_preset=&#8220;2f459a0d-ac30-4859-8351-ae69f8540085&#8243; text_text_color=&#8220;#FFFFFF&#8220; global_colors_info=&#8220;{}&#8220;]<\/p>\n<p>Schreiben Sie mir gerne eine Nachricht mit Ihrer Anfrage:<\/p>\n<p>[\/et_pb_text][\/et_pb_column][et_pb_column type=&#8220;1_2&#8243; _builder_version=&#8220;4.27.2&#8243; _module_preset=&#8220;default&#8220; global_colors_info=&#8220;{}&#8220;][et_pb_contact_form captcha=&#8220;off&#8220; _builder_version=&#8220;4.27.2&#8243; _module_preset=&#8220;e8f938ff-59e4-4914-b73a-bde03a404f05&#8243; custom_margin=&#8220;||-115px|||&#8220; custom_padding=&#8220;||0px|||&#8220; locked=&#8220;off&#8220; global_colors_info=&#8220;{%22gcid-606d042f-c90f-4ea6-97e7-7b08f1ba25f6%22:%91%22button_text_color%22%93,%22gcid-1c7f682d-c09a-42e9-8b1c-535ba676533f%22:%91%22form_field_text_color%22%93}&#8220;][et_pb_contact_field field_id=&#8220;Name&#8220; field_title=&#8220;Name&#8220; _builder_version=&#8220;4.27.2&#8243; _module_preset=&#8220;default&#8220; form_field_text_color=&#8220;#FFFFFF&#8220; form_field_focus_text_color=&#8220;#FFFFFF&#8220; form_field_font_size=&#8220;16px&#8220; global_colors_info=&#8220;{}&#8220; button_text_size__hover_enabled=&#8220;off&#8220; button_one_text_size__hover_enabled=&#8220;off&#8220; button_two_text_size__hover_enabled=&#8220;off&#8220; button_text_color__hover_enabled=&#8220;off&#8220; button_one_text_color__hover_enabled=&#8220;off&#8220; button_two_text_color__hover_enabled=&#8220;off&#8220; button_border_width__hover_enabled=&#8220;off&#8220; button_one_border_width__hover_enabled=&#8220;off&#8220; button_two_border_width__hover_enabled=&#8220;off&#8220; button_border_color__hover_enabled=&#8220;off&#8220; button_one_border_color__hover_enabled=&#8220;off&#8220; button_two_border_color__hover_enabled=&#8220;off&#8220; button_border_radius__hover_enabled=&#8220;off&#8220; button_one_border_radius__hover_enabled=&#8220;off&#8220; button_two_border_radius__hover_enabled=&#8220;off&#8220; button_letter_spacing__hover_enabled=&#8220;off&#8220; button_one_letter_spacing__hover_enabled=&#8220;off&#8220; button_two_letter_spacing__hover_enabled=&#8220;off&#8220; button_bg_color__hover_enabled=&#8220;off&#8220; button_one_bg_color__hover_enabled=&#8220;off&#8220; button_two_bg_color__hover_enabled=&#8220;off&#8220;][\/et_pb_contact_field][et_pb_contact_field field_id=&#8220;Email&#8220; field_title=&#8220;Email-Address&#8220; field_type=&#8220;email&#8220; _builder_version=&#8220;4.27.2&#8243; _module_preset=&#8220;default&#8220; form_field_text_color=&#8220;#FFFFFF&#8220; form_field_font_size=&#8220;16px&#8220; global_colors_info=&#8220;{}&#8220; button_text_size__hover_enabled=&#8220;off&#8220; button_one_text_size__hover_enabled=&#8220;off&#8220; button_two_text_size__hover_enabled=&#8220;off&#8220; button_text_color__hover_enabled=&#8220;off&#8220; button_one_text_color__hover_enabled=&#8220;off&#8220; button_two_text_color__hover_enabled=&#8220;off&#8220; button_border_width__hover_enabled=&#8220;off&#8220; button_one_border_width__hover_enabled=&#8220;off&#8220; button_two_border_width__hover_enabled=&#8220;off&#8220; button_border_color__hover_enabled=&#8220;off&#8220; button_one_border_color__hover_enabled=&#8220;off&#8220; button_two_border_color__hover_enabled=&#8220;off&#8220; button_border_radius__hover_enabled=&#8220;off&#8220; button_one_border_radius__hover_enabled=&#8220;off&#8220; button_two_border_radius__hover_enabled=&#8220;off&#8220; button_letter_spacing__hover_enabled=&#8220;off&#8220; button_one_letter_spacing__hover_enabled=&#8220;off&#8220; button_two_letter_spacing__hover_enabled=&#8220;off&#8220; button_bg_color__hover_enabled=&#8220;off&#8220; button_one_bg_color__hover_enabled=&#8220;off&#8220; button_two_bg_color__hover_enabled=&#8220;off&#8220;][\/et_pb_contact_field][et_pb_contact_field field_id=&#8220;Message&#8220; field_title=&#8220;Nachricht&#8220; field_type=&#8220;text&#8220; fullwidth_field=&#8220;on&#8220; _builder_version=&#8220;4.27.2&#8243; _module_preset=&#8220;default&#8220; form_field_text_color=&#8220;#FFFFFF&#8220; form_field_font_size=&#8220;16px&#8220; global_colors_info=&#8220;{}&#8220; button_text_size__hover_enabled=&#8220;off&#8220; button_one_text_size__hover_enabled=&#8220;off&#8220; button_two_text_size__hover_enabled=&#8220;off&#8220; button_text_color__hover_enabled=&#8220;off&#8220; button_one_text_color__hover_enabled=&#8220;off&#8220; button_two_text_color__hover_enabled=&#8220;off&#8220; button_border_width__hover_enabled=&#8220;off&#8220; button_one_border_width__hover_enabled=&#8220;off&#8220; button_two_border_width__hover_enabled=&#8220;off&#8220; button_border_color__hover_enabled=&#8220;off&#8220; button_one_border_color__hover_enabled=&#8220;off&#8220; button_two_border_color__hover_enabled=&#8220;off&#8220; button_border_radius__hover_enabled=&#8220;off&#8220; button_one_border_radius__hover_enabled=&#8220;off&#8220; button_two_border_radius__hover_enabled=&#8220;off&#8220; button_letter_spacing__hover_enabled=&#8220;off&#8220; button_one_letter_spacing__hover_enabled=&#8220;off&#8220; button_two_letter_spacing__hover_enabled=&#8220;off&#8220; button_bg_color__hover_enabled=&#8220;off&#8220; button_one_bg_color__hover_enabled=&#8220;off&#8220; button_two_bg_color__hover_enabled=&#8220;off&#8220;][\/et_pb_contact_field][type _i=&#8220;3&#8243; _address=&#8220;1.0.1.0.3&#8243; theme_builder_area=&#8220;post_content&#8220; \/][type _i=&#8220;4&#8243; _address=&#8220;1.0.1.0.4&#8243; theme_builder_area=&#8220;post_content&#8220; \/][type _i=&#8220;5&#8243; _address=&#8220;1.0.1.0.5&#8243; theme_builder_area=&#8220;post_content&#8220; \/][type _i=&#8220;6&#8243; _address=&#8220;1.0.1.0.6&#8243; theme_builder_area=&#8220;post_content&#8220; \/][type _i=&#8220;7&#8243; _address=&#8220;1.0.1.0.7&#8243; theme_builder_area=&#8220;post_content&#8220; \/][type _i=&#8220;8&#8243; _address=&#8220;1.0.1.0.8&#8243; theme_builder_area=&#8220;post_content&#8220; \/][type _i=&#8220;9&#8243; _address=&#8220;1.0.1.0.9&#8243; \/][type 0=&#8220;=%22submit%22&#8243; _i=&#8220;10&#8243; _address=&#8220;1.0.1.0.10&#8243; \/][\/et_pb_contact_form][\/et_pb_column][\/et_pb_row][et_pb_row column_structure=&#8220;1_3,1_3,1_3&#8243; _builder_version=&#8220;4.20.0&#8243; _module_preset=&#8220;default&#8220; min_height=&#8220;296.5px&#8220; custom_margin=&#8220;|auto|-90px|auto||&#8220; global_colors_info=&#8220;{}&#8220;][et_pb_column type=&#8220;1_3&#8243; _builder_version=&#8220;4.20.0&#8243; _module_preset=&#8220;default&#8220; global_colors_info=&#8220;{}&#8220;][et_pb_text _builder_version=&#8220;4.27.2&#8243; _module_preset=&#8220;79d6e686-3d2a-462d-bb80-f1ad753d94c5&#8243; header_4_text_color=&#8220;#FFFFFF&#8220; text_orientation=&#8220;center&#8220; custom_margin=&#8220;||10px||false|false&#8220; global_colors_info=&#8220;{}&#8220;]<\/p>\n<h4>(0211) 17 96 18 0<\/h4>\n<p>[\/et_pb_text][et_pb_text _builder_version=&#8220;4.27.2&#8243; _module_preset=&#8220;2f459a0d-ac30-4859-8351-ae69f8540085&#8243; text_text_color=&#8220;#FFFFFF&#8220; link_text_color=&#8220;#FFFFFF&#8220; text_orientation=&#8220;center&#8220; custom_margin=&#8220;||10px||false|false&#8220; global_colors_info=&#8220;{}&#8220;]Worringer Str. 99, 40210 D\u00fcsseldorf[\/et_pb_text][\/et_pb_column][et_pb_column type=&#8220;1_3&#8243; _builder_version=&#8220;4.20.0&#8243; _module_preset=&#8220;default&#8220; global_colors_info=&#8220;{}&#8220;][et_pb_text _builder_version=&#8220;4.27.2&#8243; _module_preset=&#8220;2f459a0d-ac30-4859-8351-ae69f8540085&#8243; text_text_color=&#8220;#FFFFFF&#8220; link_text_color=&#8220;#FFFFFF&#8220; text_orientation=&#8220;center&#8220; custom_margin=&#8220;||10px||false|false&#8220; locked=&#8220;off&#8220; global_colors_info=&#8220;{}&#8220;]<\/p>\n<p><a href=\"#\">Maria Carreras<\/a><\/p>\n<p>[\/et_pb_text][et_pb_text _builder_version=&#8220;4.27.2&#8243; _module_preset=&#8220;2f459a0d-ac30-4859-8351-ae69f8540085&#8243; text_text_color=&#8220;#FFFFFF&#8220; link_text_color=&#8220;#FFFFFF&#8220; text_orientation=&#8220;center&#8220; custom_margin=&#8220;||10px||false|false&#8220; locked=&#8220;off&#8220; global_colors_info=&#8220;{}&#8220;]<\/p>\n<p><a href=\"#\">Angebote<\/a><\/p>\n<p>[\/et_pb_text][et_pb_text _builder_version=&#8220;4.27.2&#8243; _module_preset=&#8220;2f459a0d-ac30-4859-8351-ae69f8540085&#8243; text_text_color=&#8220;#FFFFFF&#8220; link_text_color=&#8220;#FFFFFF&#8220; text_orientation=&#8220;center&#8220; custom_margin=&#8220;||10px||false|false&#8220; locked=&#8220;off&#8220; global_colors_info=&#8220;{}&#8220;]<\/p>\n<p>Stimmen<\/p>\n<p>[\/et_pb_text][et_pb_text _builder_version=&#8220;4.27.2&#8243; _module_preset=&#8220;2f459a0d-ac30-4859-8351-ae69f8540085&#8243; text_text_color=&#8220;#FFFFFF&#8220; link_text_color=&#8220;#FFFFFF&#8220; text_orientation=&#8220;center&#8220; custom_margin=&#8220;||10px||false|false&#8220; locked=&#8220;off&#8220; global_colors_info=&#8220;{}&#8220;]<\/p>\n<p><a href=\"#\">Kontakt<\/a><\/p>\n<p>[\/et_pb_text][et_pb_text _builder_version=&#8220;4.20.0&#8243; _module_preset=&#8220;2f459a0d-ac30-4859-8351-ae69f8540085&#8243; text_text_color=&#8220;#FFFFFF&#8220; link_text_color=&#8220;#FFFFFF&#8220; text_orientation=&#8220;center&#8220; custom_margin=&#8220;||10px||false|false&#8220; locked=&#8220;off&#8220; global_colors_info=&#8220;{}&#8220;]<a href=\"#\">Blog<\/a>[\/et_pb_text][\/et_pb_column][et_pb_column type=&#8220;1_3&#8243; _builder_version=&#8220;4.20.0&#8243; _module_preset=&#8220;default&#8220; global_colors_info=&#8220;{}&#8220;][et_pb_social_media_follow _builder_version=&#8220;4.27.2&#8243; _module_preset=&#8220;default&#8220; text_orientation=&#8220;center&#8220; custom_margin=&#8220;12px||12px||false|false&#8220; global_colors_info=&#8220;{}&#8220;][et_pb_social_media_follow_network social_network=&#8220;facebook&#8220; _builder_version=&#8220;4.20.0&#8243; _module_preset=&#8220;default&#8220; global_colors_info=&#8220;{}&#8220; follow_button=&#8220;off&#8220; url_new_window=&#8220;on&#8220;]facebook[\/et_pb_social_media_follow_network][et_pb_social_media_follow_network social_network=&#8220;linkedin&#8220; url=&#8220;https:\/\/www.linkedin.com\/in\/maria-carreras-21051239\/&#8220; _builder_version=&#8220;4.27.2&#8243; _module_preset=&#8220;default&#8220; background_color=&#8220;#007bb6&#8243; global_colors_info=&#8220;{}&#8220; follow_button=&#8220;off&#8220; url_new_window=&#8220;on&#8220;]linkedin[\/et_pb_social_media_follow_network][et_pb_social_media_follow_network social_network=&#8220;instagram&#8220; _builder_version=&#8220;4.20.0&#8243; _module_preset=&#8220;default&#8220; global_colors_info=&#8220;{}&#8220; follow_button=&#8220;off&#8220; url_new_window=&#8220;on&#8220;]instagram[\/et_pb_social_media_follow_network][\/et_pb_social_media_follow][et_pb_text _builder_version=&#8220;4.27.2&#8243; _module_preset=&#8220;2f459a0d-ac30-4859-8351-ae69f8540085&#8243; text_text_color=&#8220;#FFFFFF&#8220; link_text_color=&#8220;#FFFFFF&#8220; text_orientation=&#8220;center&#8220; global_colors_info=&#8220;{}&#8220;]<a href=\"mailto:#\">info@dieatemschule.de<\/a>[\/et_pb_text][\/et_pb_column][\/et_pb_row][et_pb_row _builder_version=&#8220;4.20.0&#8243; _module_preset=&#8220;default&#8220; custom_padding=&#8220;10px||10px||true|false&#8220; border_color_all=&#8220;#FFFFFF&#8220; border_width_top=&#8220;1px&#8220; global_colors_info=&#8220;{}&#8220;][et_pb_column type=&#8220;4_4&#8243; _builder_version=&#8220;4.20.0&#8243; _module_preset=&#8220;default&#8220; global_colors_info=&#8220;{}&#8220;][et_pb_text _builder_version=&#8220;4.27.2&#8243; _dynamic_attributes=&#8220;content&#8220; _module_preset=&#8220;2f459a0d-ac30-4859-8351-ae69f8540085&#8243; text_text_color=&#8220;#FFFFFF&#8220; text_orientation=&#8220;center&#8220; global_colors_info=&#8220;{}&#8220;]@ET-DC@eyJkeW5hbWljIjp0cnVlLCJjb250ZW50IjoiY3VycmVudF9kYXRlIiwic2V0dGluZ3MiOnsiYmVmb3JlIjoiQ29weXJpZ2h0ICZjb3B5OyAiLCJhZnRlciI6IkFsbGUgUmVjaHRlIGFuIEJpbGRlcm4gdW5kIFRleHRlbiBzaW5kIHZvcmJlaGFsdGVuLiIsImRhdGVfZm9ybWF0IjoiY3VzdG9tIiwiY3VzdG9tX2RhdGVfZm9ybWF0IjoiWSJ9fQ==@[\/et_pb_text][\/et_pb_column][\/et_pb_row][\/et_pb_section]<\/p>\n","protected":false},"excerpt":{"rendered":"<p>&#8222;Maria Carreras Arbeit zu beschreiben ist schwer. Denn sie ist einzigartig! Ich habe noch nie zuvor mit soviel Freude und Neugier meine eigene Stimme erlebt! Bei ihr kommen Wissen, Intuition, Freude und Engagement zusammen. Jedes Mal auf Neue ist es ein Erlebnis f\u00fcr mich! Die Bilder sind grossartig!. Danke daf\u00fcr, Maria Carreras! www.naturheilwiese.de.&#8220;&#8220; Maria Carreras [&hellip;]<\/p>\n","protected":false},"author":1,"featured_media":0,"parent":0,"menu_order":0,"comment_status":"closed","ping_status":"closed","template":"","meta":{"_et_pb_use_builder":"on","_et_pb_old_content":"","_et_gb_content_width":"","footnotes":""},"class_list":["post-621","page","type-page","status-publish","hentry"],"_links":{"self":[{"href":"https:\/\/wp.dieatemschule.de\/index.php?rest_route=\/wp\/v2\/pages\/621","targetHints":{"allow":["GET"]}}],"collection":[{"href":"https:\/\/wp.dieatemschule.de\/index.php?rest_route=\/wp\/v2\/pages"}],"about":[{"href":"https:\/\/wp.dieatemschule.de\/index.php?rest_route=\/wp\/v2\/types\/page"}],"author":[{"embeddable":true,"href":"https:\/\/wp.dieatemschule.de\/index.php?rest_route=\/wp\/v2\/users\/1"}],"replies":[{"embeddable":true,"href":"https:\/\/wp.dieatemschule.de\/index.php?rest_route=%2Fwp%2Fv2%2Fcomments&post=621"}],"version-history":[{"count":5,"href":"https:\/\/wp.dieatemschule.de\/index.php?rest_route=\/wp\/v2\/pages\/621\/revisions"}],"predecessor-version":[{"id":646,"href":"https:\/\/wp.dieatemschule.de\/index.php?rest_route=\/wp\/v2\/pages\/621\/revisions\/646"}],"wp:attachment":[{"href":"https:\/\/wp.dieatemschule.de\/index.php?rest_route=%2Fwp%2Fv2%2Fmedia&parent=621"}],"curies":[{"name":"wp","href":"https:\/\/api.w.org\/{rel}","templated":true}]}}